{"id":10,"date":"2019-06-25T06:38:08","date_gmt":"2019-06-25T06:38:08","guid":{"rendered":"https:\/\/chokladkallan.se\/?page_id=10"},"modified":"2026-03-27T18:02:54","modified_gmt":"2026-03-27T18:02:54","slug":"praliner","status":"publish","type":"page","link":"https:\/\/chokladkallan.se\/de\/praliner\/","title":{"rendered":"Schokolade"},"content":{"rendered":"<style type=\"text\/css\" data-created_by=\"avia_inline_auto\" id=\"style-css-av-jxlgywdt-22b0c8d7a6e88faef8e9a185d00b512c\">\n#top .hr.hr-invisible.av-jxlgywdt-22b0c8d7a6e88faef8e9a185d00b512c{\nheight:100px;\n}\n<\/style>\n<div  class='hr av-jxlgywdt-22b0c8d7a6e88faef8e9a185d00b512c hr-invisible  avia-builder-el-0  el_before_av_heading  avia-builder-el-first  under-img'><span class='hr-inner'><span class=\"hr-inner-style\"><\/span><\/span><\/div>\n\n<style type=\"text\/css\" data-created_by=\"avia_inline_auto\" id=\"style-css-av-lk9xu0qn-a4dc16654c683cfa77e4ff7c3376c694\">\n#top .av-special-heading.av-lk9xu0qn-a4dc16654c683cfa77e4ff7c3376c694{\npadding-bottom:20px;\n}\nbody .av-special-heading.av-lk9xu0qn-a4dc16654c683cfa77e4ff7c3376c694 .av-special-heading-tag .heading-char{\nfont-size:25px;\n}\n.av-special-heading.av-lk9xu0qn-a4dc16654c683cfa77e4ff7c3376c694 .av-subheading{\nfont-size:15px;\n}\n<\/style>\n<div  class='av-special-heading av-lk9xu0qn-a4dc16654c683cfa77e4ff7c3376c694 av-special-heading-h3 blockquote modern-quote  avia-builder-el-1  el_after_av_hr  el_before_av_codeblock  lora av-linked-heading'><h3 class='av-special-heading-tag'  itemprop=\"headline\"  >Nu finns det m\u00f6jlighet att, s\u00e5 l\u00e5ngt lagret r\u00e4cker, best\u00e4lla praliner inf\u00f6r p\u00e5sk.<\/h3><div class=\"special-heading-border\"><div class=\"special-heading-inner-border\"><\/div><\/div><\/div>","protected":false},"excerpt":{"rendered":"","protected":false},"author":2,"featured_media":0,"parent":0,"menu_order":0,"comment_status":"closed","ping_status":"closed","template":"","meta":{"_acf_changed":false,"footnotes":""},"class_list":["post-10","page","type-page","status-publish","hentry"],"acf":[],"yoast_head":"<!-- This site is optimized with the Yoast SEO plugin v26.3 - https:\/\/yoast.com\/wordpress\/plugins\/seo\/ -->\n<title>Praliner - Chokladk&auml;llan<\/title>\n<meta name=\"description\" content=\"V\u00e4lkommen till Chokladk\u00e4llan! H\u00e4r hittar du handgjorda kvalitetspraliner och chokladkakor, vackra att se och oemotst\u00e5ndligt goda.\" \/>\n<meta name=\"robots\" content=\"index, follow, max-snippet:-1, max-image-preview:large, max-video-preview:-1\" \/>\n<link rel=\"canonical\" href=\"https:\/\/chokladkallan.se\/de\/praliner\/\" \/>\n<meta property=\"og:locale\" content=\"de_DE\" \/>\n<meta property=\"og:type\" content=\"article\" \/>\n<meta property=\"og:title\" content=\"Praliner - Chokladk&auml;llan\" \/>\n<meta property=\"og:description\" content=\"V\u00e4lkommen till Chokladk\u00e4llan! H\u00e4r hittar du handgjorda kvalitetspraliner och chokladkakor, vackra att se och oemotst\u00e5ndligt goda.\" \/>\n<meta property=\"og:url\" content=\"https:\/\/chokladkallan.se\/de\/praliner\/\" \/>\n<meta property=\"og:site_name\" content=\"Chokladk&auml;llan\" \/>\n<meta property=\"article:modified_time\" content=\"2026-03-27T18:02:54+00:00\" \/>\n<meta name=\"twitter:card\" content=\"summary_large_image\" \/>\n<meta name=\"twitter:label1\" content=\"Gesch\u00e4tzte Lesezeit\" \/>\n\t<meta name=\"twitter:data1\" content=\"1\u00a0Minute\" \/>\n<script type=\"application\/ld+json\" class=\"yoast-schema-graph\">{\"@context\":\"https:\/\/schema.org\",\"@graph\":[{\"@type\":\"WebPage\",\"@id\":\"https:\/\/chokladkallan.se\/praliner\/\",\"url\":\"https:\/\/chokladkallan.se\/praliner\/\",\"name\":\"Praliner - Chokladk&auml;llan\",\"isPartOf\":{\"@id\":\"https:\/\/chokladkallan.se\/#website\"},\"datePublished\":\"2019-06-25T06:38:08+00:00\",\"dateModified\":\"2026-03-27T18:02:54+00:00\",\"description\":\"V\u00e4lkommen till Chokladk\u00e4llan! H\u00e4r hittar du handgjorda kvalitetspraliner och chokladkakor, vackra att se och oemotst\u00e5ndligt goda.\",\"breadcrumb\":{\"@id\":\"https:\/\/chokladkallan.se\/praliner\/#breadcrumb\"},\"inLanguage\":\"de\",\"potentialAction\":[{\"@type\":\"ReadAction\",\"target\":[\"https:\/\/chokladkallan.se\/praliner\/\"]}]},{\"@type\":\"BreadcrumbList\",\"@id\":\"https:\/\/chokladkallan.se\/praliner\/#breadcrumb\",\"itemListElement\":[{\"@type\":\"ListItem\",\"position\":1,\"name\":\"Hem\",\"item\":\"https:\/\/chokladkallan.se\/chokladkallan\/\"},{\"@type\":\"ListItem\",\"position\":2,\"name\":\"Praliner\"}]},{\"@type\":\"WebSite\",\"@id\":\"https:\/\/chokladkallan.se\/#website\",\"url\":\"https:\/\/chokladkallan.se\/\",\"name\":\"Chokladk&auml;llan\",\"description\":\"b&ouml;rjan till det goda\",\"potentialAction\":[{\"@type\":\"SearchAction\",\"target\":{\"@type\":\"EntryPoint\",\"urlTemplate\":\"https:\/\/chokladkallan.se\/?s={search_term_string}\"},\"query-input\":{\"@type\":\"PropertyValueSpecification\",\"valueRequired\":true,\"valueName\":\"search_term_string\"}}],\"inLanguage\":\"de\"}]}<\/script>\n<!-- \/ Yoast SEO plugin. -->","yoast_head_json":{"title":"Praliner - Chokladk&auml;llan","description":"Wilkommen bei Chokladk\u00e4llan! Hier findest Du handgemachte Qualit\u00e4tspralinen und Schokoladentafeln, die sowohl sch\u00f6n aussehen als auch unwiderstehlich schmecken.","robots":{"index":"index","follow":"follow","max-snippet":"max-snippet:-1","max-image-preview":"max-image-preview:large","max-video-preview":"max-video-preview:-1"},"canonical":"https:\/\/chokladkallan.se\/de\/praliner\/","og_locale":"de_DE","og_type":"article","og_title":"Praliner - Chokladk&auml;llan","og_description":"V\u00e4lkommen till Chokladk\u00e4llan! H\u00e4r hittar du handgjorda kvalitetspraliner och chokladkakor, vackra att se och oemotst\u00e5ndligt goda.","og_url":"https:\/\/chokladkallan.se\/de\/praliner\/","og_site_name":"Chokladk&auml;llan","article_modified_time":"2026-03-27T18:02:54+00:00","twitter_card":"summary_large_image","twitter_misc":{"Gesch\u00e4tzte Lesezeit":"1\u00a0Minute"},"schema":{"@context":"https:\/\/schema.org","@graph":[{"@type":"WebPage","@id":"https:\/\/chokladkallan.se\/praliner\/","url":"https:\/\/chokladkallan.se\/praliner\/","name":"Praliner - Chokladk&auml;llan","isPartOf":{"@id":"https:\/\/chokladkallan.se\/#website"},"datePublished":"2019-06-25T06:38:08+00:00","dateModified":"2026-03-27T18:02:54+00:00","description":"Wilkommen bei Chokladk\u00e4llan! Hier findest Du handgemachte Qualit\u00e4tspralinen und Schokoladentafeln, die sowohl sch\u00f6n aussehen als auch unwiderstehlich schmecken.","breadcrumb":{"@id":"https:\/\/chokladkallan.se\/praliner\/#breadcrumb"},"inLanguage":"de","potentialAction":[{"@type":"ReadAction","target":["https:\/\/chokladkallan.se\/praliner\/"]}]},{"@type":"BreadcrumbList","@id":"https:\/\/chokladkallan.se\/praliner\/#breadcrumb","itemListElement":[{"@type":"ListItem","position":1,"name":"Hem","item":"https:\/\/chokladkallan.se\/chokladkallan\/"},{"@type":"ListItem","position":2,"name":"Praliner"}]},{"@type":"WebSite","@id":"https:\/\/chokladkallan.se\/#website","url":"https:\/\/chokladkallan.se\/","name":"Chokladk&auml;llan","description":"b&ouml;rjan till det goda","potentialAction":[{"@type":"SearchAction","target":{"@type":"EntryPoint","urlTemplate":"https:\/\/chokladkallan.se\/?s={search_term_string}"},"query-input":{"@type":"PropertyValueSpecification","valueRequired":true,"valueName":"search_term_string"}}],"inLanguage":"de"}]}},"_links":{"self":[{"href":"https:\/\/chokladkallan.se\/de\/wp-json\/wp\/v2\/pages\/10","targetHints":{"allow":["GET"]}}],"collection":[{"href":"https:\/\/chokladkallan.se\/de\/wp-json\/wp\/v2\/pages"}],"about":[{"href":"https:\/\/chokladkallan.se\/de\/wp-json\/wp\/v2\/types\/page"}],"author":[{"embeddable":true,"href":"https:\/\/chokladkallan.se\/de\/wp-json\/wp\/v2\/users\/2"}],"replies":[{"embeddable":true,"href":"https:\/\/chokladkallan.se\/de\/wp-json\/wp\/v2\/comments?post=10"}],"version-history":[{"count":52,"href":"https:\/\/chokladkallan.se\/de\/wp-json\/wp\/v2\/pages\/10\/revisions"}],"predecessor-version":[{"id":1644,"href":"https:\/\/chokladkallan.se\/de\/wp-json\/wp\/v2\/pages\/10\/revisions\/1644"}],"wp:attachment":[{"href":"https:\/\/chokladkallan.se\/de\/wp-json\/wp\/v2\/media?parent=10"}],"curies":[{"name":"wp","href":"https:\/\/api.w.org\/{rel}","templated":true}]}}