{"id":270,"date":"2019-07-04T07:45:59","date_gmt":"2019-07-04T07:45:59","guid":{"rendered":"https:\/\/chokladkallan.se\/?page_id=270"},"modified":"2019-07-04T07:47:04","modified_gmt":"2019-07-04T07:47:04","slug":"gdpr","status":"publish","type":"page","link":"https:\/\/chokladkallan.se\/de\/gdpr\/","title":{"rendered":"GDPR"},"content":{"rendered":"<p><\/p>\n\n\n<section  class='av_textblock_section av-jxod9wf9-53db7844cd99e89b50b9a881ecffd7d3'   itemscope=\"itemscope\" itemtype=\"https:\/\/schema.org\/CreativeWork\" ><div class='avia_textblock'  itemprop=\"text\" ><h1>GDPR<\/h1>\n<p>Enligt \u201ddataskyddsf\u00f6rordningen\u201d (GDPR), ska den registrerade f\u00e5 information om hur personuppgifter behandlas. De person uppgifter som Chokladk\u00e4llan samlar in vid k\u00f6p av choklad eller anm\u00e4lan till kurser kommer att raderas n\u00e4r betalningen \u00e4r genomf\u00f6rd och kurserna \u00e4r avslutade. Foton, som f\u00f6rest\u00e4ller m\u00e4nniskor kommer bara att publiceras efter godk\u00e4nnande av de som finns p\u00e5 bilden.<\/p>\n<h2>DSGVO<\/h2>\n<p>Die Datenschutz-Grundverordnung (DSGVO) ist eine Verordnung der Europ\u00e4ischen Union, mit der die Regeln zur Verarbeitung personenbezogener Daten durch die meisten Datenverarbeiter, sowohl private wie \u00f6ffentliche, Eu-weit vereinheitlicht werden.<\/p>\n<p>Die personenbezogenen Daten, die die Firma Chokladk\u00e4llan, beim Verkauf von Schokolade oder Buchungen und Zahlungen von Kursen sammelt werden alle nach Zahlungen und Ablauf von Kursen gel\u00f6scht. Fotos, wo Menschen zu sehen sind werden nur publiziert nach Absprache mit diejenigen, die auf dem Foto zu sehen sind.<\/p>\n<h2>GDPR<\/h2>\n<p>The General Data Protection Regulation (GDPR) aims to protect individuals\u2019 fundamental rights and freedoms, particularly their right to protection of their personal data. The personal data gathered by Chokladk\u00e4llan, when someone buys chocolate or books a course, will be erased ones the course is finished or the products have been paid for. No photos will be published without the approval of those people, who are pictured.<\/p>\n<\/div><\/section>","protected":false},"excerpt":{"rendered":"","protected":false},"author":2,"featured_media":0,"parent":0,"menu_order":0,"comment_status":"closed","ping_status":"closed","template":"","meta":{"_acf_changed":false,"footnotes":""},"class_list":["post-270","page","type-page","status-publish","hentry"],"acf":[],"yoast_head":"<!-- This site is optimized with the Yoast SEO plugin v26.3 - https:\/\/yoast.com\/wordpress\/plugins\/seo\/ -->\n<title>GDPR - Chokladk&auml;llan<\/title>\n<meta name=\"description\" content=\"V\u00e4lkommen till Chokladk\u00e4llan! H\u00e4r hittar du handgjorda kvalitetspraliner och chokladkakor, vackra att se och oemotst\u00e5ndligt goda.\" \/>\n<meta name=\"robots\" content=\"index, follow, max-snippet:-1, max-image-preview:large, max-video-preview:-1\" \/>\n<link rel=\"canonical\" href=\"https:\/\/chokladkallan.se\/de\/gdpr\/\" \/>\n<meta property=\"og:locale\" content=\"de_DE\" \/>\n<meta property=\"og:type\" content=\"article\" \/>\n<meta property=\"og:title\" content=\"GDPR - Chokladk&auml;llan\" \/>\n<meta property=\"og:description\" content=\"V\u00e4lkommen till Chokladk\u00e4llan! H\u00e4r hittar du handgjorda kvalitetspraliner och chokladkakor, vackra att se och oemotst\u00e5ndligt goda.\" \/>\n<meta property=\"og:url\" content=\"https:\/\/chokladkallan.se\/de\/gdpr\/\" \/>\n<meta property=\"og:site_name\" content=\"Chokladk&auml;llan\" \/>\n<meta property=\"article:modified_time\" content=\"2019-07-04T07:47:04+00:00\" \/>\n<meta name=\"twitter:card\" content=\"summary_large_image\" \/>\n<meta name=\"twitter:label1\" content=\"Gesch\u00e4tzte Lesezeit\" \/>\n\t<meta name=\"twitter:data1\" content=\"1\u00a0Minute\" \/>\n<script type=\"application\/ld+json\" class=\"yoast-schema-graph\">{\"@context\":\"https:\/\/schema.org\",\"@graph\":[{\"@type\":\"WebPage\",\"@id\":\"https:\/\/chokladkallan.se\/gdpr\/\",\"url\":\"https:\/\/chokladkallan.se\/gdpr\/\",\"name\":\"GDPR - Chokladk&auml;llan\",\"isPartOf\":{\"@id\":\"https:\/\/chokladkallan.se\/#website\"},\"datePublished\":\"2019-07-04T07:45:59+00:00\",\"dateModified\":\"2019-07-04T07:47:04+00:00\",\"description\":\"V\u00e4lkommen till Chokladk\u00e4llan! H\u00e4r hittar du handgjorda kvalitetspraliner och chokladkakor, vackra att se och oemotst\u00e5ndligt goda.\",\"breadcrumb\":{\"@id\":\"https:\/\/chokladkallan.se\/gdpr\/#breadcrumb\"},\"inLanguage\":\"de\",\"potentialAction\":[{\"@type\":\"ReadAction\",\"target\":[\"https:\/\/chokladkallan.se\/gdpr\/\"]}]},{\"@type\":\"BreadcrumbList\",\"@id\":\"https:\/\/chokladkallan.se\/gdpr\/#breadcrumb\",\"itemListElement\":[{\"@type\":\"ListItem\",\"position\":1,\"name\":\"Hem\",\"item\":\"https:\/\/chokladkallan.se\/chokladkallan\/\"},{\"@type\":\"ListItem\",\"position\":2,\"name\":\"GDPR\"}]},{\"@type\":\"WebSite\",\"@id\":\"https:\/\/chokladkallan.se\/#website\",\"url\":\"https:\/\/chokladkallan.se\/\",\"name\":\"Chokladk&auml;llan\",\"description\":\"b&ouml;rjan till det goda\",\"potentialAction\":[{\"@type\":\"SearchAction\",\"target\":{\"@type\":\"EntryPoint\",\"urlTemplate\":\"https:\/\/chokladkallan.se\/?s={search_term_string}\"},\"query-input\":{\"@type\":\"PropertyValueSpecification\",\"valueRequired\":true,\"valueName\":\"search_term_string\"}}],\"inLanguage\":\"de\"}]}<\/script>\n<!-- \/ Yoast SEO plugin. -->","yoast_head_json":{"title":"GDPR - Chokladk&auml;llan","description":"Wilkommen bei Chokladk\u00e4llan! Hier findest Du handgemachte Qualit\u00e4tspralinen und Schokoladentafeln, die sowohl sch\u00f6n aussehen als auch unwiderstehlich schmecken.","robots":{"index":"index","follow":"follow","max-snippet":"max-snippet:-1","max-image-preview":"max-image-preview:large","max-video-preview":"max-video-preview:-1"},"canonical":"https:\/\/chokladkallan.se\/de\/gdpr\/","og_locale":"de_DE","og_type":"article","og_title":"GDPR - Chokladk&auml;llan","og_description":"V\u00e4lkommen till Chokladk\u00e4llan! H\u00e4r hittar du handgjorda kvalitetspraliner och chokladkakor, vackra att se och oemotst\u00e5ndligt goda.","og_url":"https:\/\/chokladkallan.se\/de\/gdpr\/","og_site_name":"Chokladk&auml;llan","article_modified_time":"2019-07-04T07:47:04+00:00","twitter_card":"summary_large_image","twitter_misc":{"Gesch\u00e4tzte Lesezeit":"1\u00a0Minute"},"schema":{"@context":"https:\/\/schema.org","@graph":[{"@type":"WebPage","@id":"https:\/\/chokladkallan.se\/gdpr\/","url":"https:\/\/chokladkallan.se\/gdpr\/","name":"GDPR - Chokladk&auml;llan","isPartOf":{"@id":"https:\/\/chokladkallan.se\/#website"},"datePublished":"2019-07-04T07:45:59+00:00","dateModified":"2019-07-04T07:47:04+00:00","description":"Wilkommen bei Chokladk\u00e4llan! Hier findest Du handgemachte Qualit\u00e4tspralinen und Schokoladentafeln, die sowohl sch\u00f6n aussehen als auch unwiderstehlich schmecken.","breadcrumb":{"@id":"https:\/\/chokladkallan.se\/gdpr\/#breadcrumb"},"inLanguage":"de","potentialAction":[{"@type":"ReadAction","target":["https:\/\/chokladkallan.se\/gdpr\/"]}]},{"@type":"BreadcrumbList","@id":"https:\/\/chokladkallan.se\/gdpr\/#breadcrumb","itemListElement":[{"@type":"ListItem","position":1,"name":"Hem","item":"https:\/\/chokladkallan.se\/chokladkallan\/"},{"@type":"ListItem","position":2,"name":"GDPR"}]},{"@type":"WebSite","@id":"https:\/\/chokladkallan.se\/#website","url":"https:\/\/chokladkallan.se\/","name":"Chokladk&auml;llan","description":"b&ouml;rjan till det goda","potentialAction":[{"@type":"SearchAction","target":{"@type":"EntryPoint","urlTemplate":"https:\/\/chokladkallan.se\/?s={search_term_string}"},"query-input":{"@type":"PropertyValueSpecification","valueRequired":true,"valueName":"search_term_string"}}],"inLanguage":"de"}]}},"_links":{"self":[{"href":"https:\/\/chokladkallan.se\/de\/wp-json\/wp\/v2\/pages\/270","targetHints":{"allow":["GET"]}}],"collection":[{"href":"https:\/\/chokladkallan.se\/de\/wp-json\/wp\/v2\/pages"}],"about":[{"href":"https:\/\/chokladkallan.se\/de\/wp-json\/wp\/v2\/types\/page"}],"author":[{"embeddable":true,"href":"https:\/\/chokladkallan.se\/de\/wp-json\/wp\/v2\/users\/2"}],"replies":[{"embeddable":true,"href":"https:\/\/chokladkallan.se\/de\/wp-json\/wp\/v2\/comments?post=270"}],"version-history":[{"count":3,"href":"https:\/\/chokladkallan.se\/de\/wp-json\/wp\/v2\/pages\/270\/revisions"}],"predecessor-version":[{"id":1588,"href":"https:\/\/chokladkallan.se\/de\/wp-json\/wp\/v2\/pages\/270\/revisions\/1588"}],"wp:attachment":[{"href":"https:\/\/chokladkallan.se\/de\/wp-json\/wp\/v2\/media?parent=270"}],"curies":[{"name":"wp","href":"https:\/\/api.w.org\/{rel}","templated":true}]}}